{"id":7126,"date":"2021-03-30T11:26:37","date_gmt":"2021-03-30T11:26:37","guid":{"rendered":"http:\/\/dummy.xtemos.com\/woodmart\/demos\/?page_id=7126"},"modified":"2025-10-11T22:30:34","modified_gmt":"2025-10-11T22:30:34","slug":"about","status":"publish","type":"page","link":"https:\/\/qualitylegalservices.org\/es\/about\/","title":{"rendered":"Acerca de"},"content":{"rendered":"<div class=\"wpb-content-wrapper\"><div data-vc-full-width=\"true\" data-vc-full-width-temp=\"true\" data-vc-full-width-init=\"false\" class=\"vc_row wpb_row vc_row-fluid vc_custom_1634074258517 vc_row-has-fill vc_row-o-content-middle vc_row-flex\"><div class=\"wpb_column vc_column_container vc_col-sm-2 vc_col-xs-5 vc_hidden-xs\"><div class=\"vc_column-inner vc_custom_1636118332944\"><div class=\"wpb_wrapper\"><\/div><\/div><\/div><div class=\"wpb_column vc_column_container vc_col-sm-8 text-center\"><div class=\"vc_column-inner vc_custom_1635774011867\"><div class=\"wpb_wrapper\"><div class=\"vc_empty_space\"   style=\"height: 20px\"><span class=\"vc_empty_space_inner\"><\/span><\/div>\n\t<div  class=\"wpb_single_image wpb_content_element vc_align_center vc_custom_1636714069248 wd-animation wd-transform wd-animation-zoom-in wd-animation-normal\">\n\t\t\n\t\t<figure class=\"wpb_wrapper vc_figure\">\n\t\t\t<div class=\"vc_single_image-wrapper   vc_box_border_grey\"><img loading=\"lazy\" decoding=\"async\" width=\"169\" height=\"300\" src=\"https:\/\/qualitylegalservices.org\/wp-content\/uploads\/2021\/08\/241f55cc-c8a8-4a68-b233-0ad328b15c8b-576x1024-1-169x300.jpg\" class=\"vc_single_image-img attachment-medium\" alt=\"\" title=\"241f55cc-c8a8-4a68-b233-0ad328b15c8b-576x1024\" srcset=\"https:\/\/qualitylegalservices.org\/wp-content\/uploads\/2021\/08\/241f55cc-c8a8-4a68-b233-0ad328b15c8b-576x1024-1-169x300.jpg 169w, https:\/\/qualitylegalservices.org\/wp-content\/uploads\/2021\/08\/241f55cc-c8a8-4a68-b233-0ad328b15c8b-576x1024-1-150x267.jpg 150w, https:\/\/qualitylegalservices.org\/wp-content\/uploads\/2021\/08\/241f55cc-c8a8-4a68-b233-0ad328b15c8b-576x1024-1.jpg 576w\" sizes=\"auto, (max-width: 169px) 100vw, 169px\" \/><\/div>\n\t\t<\/figure>\n\t<\/div>\n<div class=\"vc_empty_space\"   style=\"height: 32px\"><span class=\"vc_empty_space_inner\"><\/span><\/div>\n\t\t<div id=\"wd-68eada4ebf938\" class=\"title-wrapper wd-wpb wd-set-mb reset-last-child  wd-animation wd-transform wd-animation-slide-from-top wd-animation-normal wd-rs-68eada4ebf938 wd-title-color-default wd-title-style-default text-center vc_custom_1760221825680 wd-underline-colored\">\n\t\t\t\t\t\t\t\n\t\t\t\t<div class=\"title-subtitle  subtitle-color-default font-default subtitle-style-default wd-font-weight-600 wd-fontsize-xs\">CEO<\/div>\n\t\t\t\n\t\t\t<div class=\"liner-continer\">\n\t\t\t\t<h4 class=\"woodmart-title-container title  wd-font-weight- wd-fontsize-xxl\" >In\u00e9s Reynoso<\/h4>\n\t\t\t\t\t\t\t<\/div>\n\t\t\t\n\t\t\t\t\t\t\t<div class=\"title-after_title reset-last-child  wd-fontsize-s\">We bring more than 27 years of experience in the legal field to our community assisting them with a wide range of nonlawyer services from immigration, divorce and all family matters to guardianships, corporation setups and more at a reasonable cost.<\/br><\/br><\/p>\n<p>Graduada con honores con una Licenciatura en Estudios Legales de la Universidad de Florida Central y un profesional con mucha experiencia que ha trabajado con los mejores abogados de la industria en todo Orlando manejando algunos de los casos m\u00e1s complejos, estamos aqu\u00ed para simplificar y ayudar a aquellos que se representan a s\u00ed mismos en un caso de derecho de familia y otros.<\/div>\n\t\t\t\n\t\t\t\n\t\t<\/div>\n\t\t\n\t\t<div class=\"vc_row wpb_row vc_inner vc_row-fluid vc_custom_1634074321583\"><div class=\"wpb_column vc_column_container vc_col-sm-12\"><div class=\"vc_column-inner\"><div class=\"wpb_wrapper\"><div id=\"wd-617feedb7f115\" class=\"wd-animation wd-transform wd-animation-slide-from-top wd-animation-normal wd_delay_200 wd-rs-617feedb7f115  wd-button-wrapper text-center\"><a href=\"\/es\/contact-us\/\" title=\"\" class=\"btn btn-color-primary btn-style-default btn-shape-rectangle btn-size-default\">Contactenos<\/a><\/div><div class=\"vc_empty_space\"   style=\"height: 20px\"><span class=\"vc_empty_space_inner\"><\/span><\/div>\n\t<div class=\"wpb_text_column wpb_content_element wpb_animate_when_almost_visible wpb_fadeInDown fadeInDown vc_custom_1635774535004\" >\n\t\t<div class=\"wpb_wrapper\">\n\t\t\t<p><strong>Conectese con nosotros<\/strong><\/p>\n\n\t\t<\/div>\n\t<\/div>\n\t\t\t<div\n\t\t\t\t\t\tclass=\"wd-social-icons  wd-style-colored wd-size-default social-follow wd-shape-square color-scheme-dark wd-off-anim wpb_animate_when_almost_visible wpb_fadeInDown fadeInDown wd-anim-name_fadeInDown text-center\">\n\t\t\t\t\n\t\t\t\t\n\t\t\t\t\t\t\t\t\t<a rel=\"noopener noreferrer nofollow\" href=\"https:\/\/www.facebook.com\/qualityparalegalservice\" target=\"_blank\" class=\"wd-social-icon social-facebook\" aria-label=\"Facebook social link\">\n\t\t\t\t\t\t<span class=\"wd-icon\"><\/span>\n\t\t\t\t\t\t\t\t\t\t\t<\/a>\n\t\t\t\t\n\t\t\t\t\n\t\t\t\t\n\t\t\t\t\n\t\t\t\t\n\t\t\t\t\n\t\t\t\t\n\t\t\t\t\n\t\t\t\t\n\t\t\t\t\n\t\t\t\t\n\t\t\t\t\n\t\t\t\t\n\t\t\t\t\n\t\t\t\t\n\t\t\t\t\n\t\t\t\t\n\t\t\t\t\n\t\t\t\t\t\t\t\t\t<a rel=\"noopener noreferrer nofollow\" href=\"https:\/\/wa.me\/+14075040877\" target=\"_blank\" class=\"wd-hide-md  wd-social-icon social-whatsapp\" aria-label=\"WhatsApp social link\">\n\t\t\t\t\t\t<span class=\"wd-icon\"><\/span>\n\t\t\t\t\t\t\t\t\t\t\t<\/a>\n\n\t\t\t\t\t<a rel=\"noopener noreferrer nofollow\" href=\"https:\/\/wa.me\/+14075040877\" target=\"_blank\" class=\"wd-hide-lg  wd-social-icon social-whatsapp\" aria-label=\"WhatsApp social link\">\n\t\t\t\t\t\t<span class=\"wd-icon\"><\/span>\n\t\t\t\t\t\t\t\t\t\t\t<\/a>\n\t\t\t\t\n\t\t\t\t\n\t\t\t\t\t\t\t\t\t<a rel=\"noopener noreferrer nofollow\" href=\"https:\/\/g.page\/quality-paralegal-services-fl?share\" target=\"_blank\" class=\"wd-social-icon social-snapchat\" aria-label=\"Snapchat social link\">\n\t\t\t\t\t\t<span class=\"wd-icon\"><\/span>\n\t\t\t\t\t\t\t\t\t\t\t<\/a>\n\t\t\t\t\n\t\t\t\t\n\t\t\t\t\n\t\t\t\t\n\t\t\t\t\n\t\t\t\t\n\t\t\t<\/div>\n\n\t\t<\/div><\/div><\/div><\/div><\/div><\/div><\/div><div class=\"wpb_column vc_column_container vc_col-sm-2\"><div class=\"vc_column-inner\"><div class=\"wpb_wrapper\"><\/div><\/div><\/div><\/div><div class=\"vc_row-full-width vc_clearfix\"><\/div><div class=\"vc_row wpb_row vc_row-fluid vc_custom_1634074093051\"><div class=\"wpb_column vc_column_container vc_col-sm-12\"><div class=\"vc_column-inner vc_custom_1615559088876\"><div class=\"wpb_wrapper\">\n\t\t<div id=\"wd-6165fdbda6a57\" class=\"title-wrapper wd-wpb wd-set-mb reset-last-child  wd-animation wd-transform wd-animation-slide-from-bottom wd-animation-normal wd-rs-6165fdbda6a57 wd-title-color-primary wd-title-style-default text-left vc_custom_1634074050112 wd-underline-colored\">\n\t\t\t\n\t\t\t<div class=\"liner-continer\">\n\t\t\t\t<h4 class=\"woodmart-title-container title  wd-font-weight- wd-fontsize-xxl\" >Nuestro \u00e9xito<\/h4>\n\t\t\t\t\t\t\t<\/div>\n\t\t\t\n\t\t\t\n\t\t\t\n\t\t<\/div>\n\t\t\n\t\t<\/div><\/div><\/div><\/div><div class=\"vc_row wpb_row vc_row-fluid vc_custom_1615563360088\"><div class=\"wpb_column vc_column_container vc_col-sm-4\"><div class=\"vc_column-inner vc_custom_1634073969704\"><div class=\"wpb_wrapper\">\t\t\t<div class=\"info-box-wrapper\">\n\t\t\t\t<div id=\"wd-6165fd9e88651\" class=\"wd-animation wd-transform wd-animation-slide-from-bottom wd-animation-normal wd_delay_100 wd-rs-6165fd9e88651 wd-info-box wd-wpb text-left box-icon-align-top box-style- color-scheme- wd-bg-none vc_custom_1634074021272\">\n\t\t\t\t\t\t\t\t\t\t\t<div class=\"box-icon-wrapper  box-with-text text-size-default box-icon-simple\">\n\t\t\t\t\t\t\t<div class=\"info-box-icon\">\n\n\t\t\t\t\t\t\t\t\t\t\t\t\t\t\t20+\t\t\t\t\t\t\t\n\t\t\t\t\t\t\t<\/div>\n\t\t\t\t\t\t<\/div>\n\t\t\t\t\t\t\t\t\t\t<div class=\"info-box-content\">\n\t\t\t\t\t\t<h4 class=\"info-box-title title box-title-style-default wd-fontsize-m\">Se debe a que llevamos m\u00e1s de 20 a\u00f1os haciendo estos tipos de trabajo.<\/h4>\t\t\t\t\t\t<div class=\"info-box-inner reset-last-child\"><\/div>\n\n\t\t\t\t\t\t\t\t\t\t\t<\/div>\n\n\t\t\t\t\t\n\t\t\t\t\t\t\t\t\t<\/div>\n\t\t\t<\/div>\n\t\t<\/div><\/div><\/div><div class=\"wpb_column vc_column_container vc_col-sm-4\"><div class=\"vc_column-inner vc_custom_1634073983338\"><div class=\"wpb_wrapper\">\t\t\t<div class=\"info-box-wrapper\">\n\t\t\t\t<div id=\"wd-6165fda94131c\" class=\"wd-animation wd-transform wd-animation-slide-from-bottom wd-animation-normal wd_delay_300 wd-rs-6165fda94131c wd-info-box wd-wpb text-left box-icon-align-top box-style- color-scheme- wd-bg-none vc_custom_1634074029683\">\n\t\t\t\t\t\t\t\t\t\t\t<div class=\"box-icon-wrapper  box-with-text text-size-default box-icon-simple\">\n\t\t\t\t\t\t\t<div class=\"info-box-icon\">\n\n\t\t\t\t\t\t\t\t\t\t\t\t\t\t\t1000+\t\t\t\t\t\t\t\n\t\t\t\t\t\t\t<\/div>\n\t\t\t\t\t\t<\/div>\n\t\t\t\t\t\t\t\t\t\t<div class=\"info-box-content\">\n\t\t\t\t\t\t<h4 class=\"info-box-title title box-title-style-default wd-fontsize-m\">Miles de personas satisfechas con nuestro trabajo.<\/h4>\t\t\t\t\t\t<div class=\"info-box-inner reset-last-child\"><\/div>\n\n\t\t\t\t\t\t\t\t\t\t\t<\/div>\n\n\t\t\t\t\t\n\t\t\t\t\t\t\t\t\t<\/div>\n\t\t\t<\/div>\n\t\t<\/div><\/div><\/div><div class=\"wpb_column vc_column_container vc_col-sm-4\"><div class=\"vc_column-inner vc_custom_1634073993610\"><div class=\"wpb_wrapper\">\t\t\t<div class=\"info-box-wrapper\">\n\t\t\t\t<div id=\"wd-6165fdb16935c\" class=\"wd-animation wd-transform wd-animation-slide-from-bottom wd-animation-normal wd_delay_600 wd-rs-6165fdb16935c wd-info-box wd-wpb text-left box-icon-align-top box-style- color-scheme- wd-bg-none vc_custom_1634074038537\">\n\t\t\t\t\t\t\t\t\t\t\t<div class=\"box-icon-wrapper  box-with-text text-size-default box-icon-simple\">\n\t\t\t\t\t\t\t<div class=\"info-box-icon\">\n\n\t\t\t\t\t\t\t\t\t\t\t\t\t\t\t3000+\t\t\t\t\t\t\t\n\t\t\t\t\t\t\t<\/div>\n\t\t\t\t\t\t<\/div>\n\t\t\t\t\t\t\t\t\t\t<div class=\"info-box-content\">\n\t\t\t\t\t\t<h4 class=\"info-box-title title box-title-style-default wd-fontsize-m\">M\u00e1s de 3,000 casos terminados con excelencia.<\/h4>\t\t\t\t\t\t<div class=\"info-box-inner reset-last-child\"><\/div>\n\n\t\t\t\t\t\t\t\t\t\t\t<\/div>\n\n\t\t\t\t\t\n\t\t\t\t\t\t\t\t\t<\/div>\n\t\t\t<\/div>\n\t\t<\/div><\/div><\/div><\/div><div class=\"vc_row wpb_row vc_row-fluid\"><div class=\"wpb_column vc_column_container vc_col-sm-12\"><div class=\"vc_column-inner\"><div class=\"wpb_wrapper\">\n\t<div class=\"wpb_text_column wpb_content_element\" >\n\t\t<div class=\"wpb_wrapper\">\n\t\t\t<p><\/span><\/p>\n\n\t\t<\/div>\n\t<\/div>\n<\/div><\/div><\/div><\/div>\n<\/div>","protected":false},"excerpt":{"rendered":"CEO In\u00e9s Reynoso We bring more than 27 years of experience in the legal field to our community assisting them","protected":false},"author":1,"featured_media":0,"parent":0,"menu_order":0,"comment_status":"closed","ping_status":"closed","template":"","meta":{"_sitemap_exclude":false,"_sitemap_priority":"","_sitemap_frequency":"","footnotes":""},"class_list":["post-7126","page","type-page","status-publish","hentry"],"_links":{"self":[{"href":"https:\/\/qualitylegalservices.org\/es\/wp-json\/wp\/v2\/pages\/7126","targetHints":{"allow":["GET"]}}],"collection":[{"href":"https:\/\/qualitylegalservices.org\/es\/wp-json\/wp\/v2\/pages"}],"about":[{"href":"https:\/\/qualitylegalservices.org\/es\/wp-json\/wp\/v2\/types\/page"}],"author":[{"embeddable":true,"href":"https:\/\/qualitylegalservices.org\/es\/wp-json\/wp\/v2\/users\/1"}],"replies":[{"embeddable":true,"href":"https:\/\/qualitylegalservices.org\/es\/wp-json\/wp\/v2\/comments?post=7126"}],"version-history":[{"count":0,"href":"https:\/\/qualitylegalservices.org\/es\/wp-json\/wp\/v2\/pages\/7126\/revisions"}],"wp:attachment":[{"href":"https:\/\/qualitylegalservices.org\/es\/wp-json\/wp\/v2\/media?parent=7126"}],"curies":[{"name":"wp","href":"https:\/\/api.w.org\/{rel}","templated":true}]}}